{"id":2726,"date":"2025-08-26T17:09:16","date_gmt":"2025-08-26T15:09:16","guid":{"rendered":"https:\/\/proquinat.com\/merci\/"},"modified":"2025-11-18T01:49:57","modified_gmt":"2025-11-18T00:49:57","slug":"merci","status":"publish","type":"page","link":"https:\/\/proquinat.com\/fr\/merci\/","title":{"rendered":"Merci"},"content":{"rendered":"\t\t<div data-elementor-type=\"wp-page\" data-elementor-id=\"2726\" class=\"elementor elementor-2726 elementor-1135\" data-elementor-post-type=\"page\">\n\t\t\t\t<div class=\"elementor-element elementor-element-60af944 e-flex e-con-boxed e-con e-parent\" data-id=\"60af944\" data-element_type=\"container\" data-e-type=\"container\" data-settings=\"{&quot;jet_parallax_layout_list&quot;:[]}\">\n\t\t\t\t\t<div class=\"e-con-inner\">\n\t\t\t\t<div class=\"elementor-element elementor-element-a0bba7d elementor-view-default elementor-widget elementor-widget-icon\" data-id=\"a0bba7d\" data-element_type=\"widget\" data-e-type=\"widget\" data-widget_type=\"icon.default\">\n\t\t\t\t\t\t\t<div class=\"elementor-icon-wrapper\">\n\t\t\t<div class=\"elementor-icon\">\n\t\t\t<svg xmlns=\"http:\/\/www.w3.org\/2000\/svg\" width=\"166\" height=\"80\" viewBox=\"0 0 166 80\" fill=\"none\"><path fill-rule=\"evenodd\" clip-rule=\"evenodd\" d=\"M166 8.64714C166 3.86846 162.131 0 157.352 0H64.6483C59.869 0 56 3.86846 56 8.64714V70.3908C56 75.1695 59.869 79.0379 64.6483 79.0379H157.352C162.131 79.0379 166 75.1695 166 70.3908V8.64714ZM122.341 41.8704L117.372 45.9664C113.655 49.0005 108.345 49.0005 104.628 45.9664L99.6586 41.8704L61.0448 73.6145C61.9172 74.6006 63.2069 75.2074 64.6483 75.2453H157.352C158.793 75.2453 160.083 74.6006 160.955 73.6145L122.341 41.9083V41.8704ZM125.338 39.4431L162.207 69.746V9.14018L125.338 39.4431ZM59.7931 69.7081L96.6621 39.4052L59.7931 9.14018V69.7081ZM160.879 5.30965C160.007 4.3615 158.755 3.79261 157.352 3.79261H64.6483C63.2448 3.79261 61.9931 4.3615 61.1207 5.30965L107.055 43.0461C109.369 44.9424 112.669 44.9424 114.983 43.0461L160.879 5.30965Z\" fill=\"black\"><\/path><rect x=\"1\" width=\"49\" height=\"4\" rx=\"2\" fill=\"black\"><\/rect><rect x=\"15\" y=\"15\" width=\"35\" height=\"4\" rx=\"2\" fill=\"black\"><\/rect><\/svg>\t\t\t<\/div>\n\t\t<\/div>\n\t\t\t\t\t\t<\/div>\n\t\t\t\t<div class=\"elementor-element elementor-element-f43f306 elementor-widget__width-inherit elementor-widget-laptop__width-inherit elementor-widget elementor-widget-heading\" data-id=\"f43f306\" data-element_type=\"widget\" data-e-type=\"widget\" data-widget_type=\"heading.default\">\n\t\t\t\t\t<h1 class=\"elementor-heading-title elementor-size-default\">Merci de nous avoir contact\u00e9s<\/h1>\t\t\t\t<\/div>\n\t\t\t\t<div class=\"elementor-element elementor-element-bf5e4fd elementor-widget__width-inherit elementor-widget elementor-widget-text-editor\" data-id=\"bf5e4fd\" data-element_type=\"widget\" data-e-type=\"widget\" data-widget_type=\"text-editor.default\">\n\t\t\t\t\t\t\t\t\t<p>Nous r\u00e9pondrons \u00e0 votre demande dans les plus brefs d\u00e9lais<\/p>\t\t\t\t\t\t\t\t<\/div>\n\t\t\t\t<div class=\"elementor-element elementor-element-51af4a3 elementor-align-justify elementor-widget elementor-widget-button\" data-id=\"51af4a3\" data-element_type=\"widget\" data-e-type=\"widget\" data-widget_type=\"button.default\">\n\t\t\t\t\t\t\t\t\t\t<a class=\"elementor-button elementor-button-link elementor-size-sm\" href=\"https:\/\/proquinat.com\/fr\/\">\n\t\t\t\t\t\t<span class=\"elementor-button-content-wrapper\">\n\t\t\t\t\t\t\t\t\t<span class=\"elementor-button-text\">Retour \u00e0 l\u2019accueil<\/span>\n\t\t\t\t\t<\/span>\n\t\t\t\t\t<\/a>\n\t\t\t\t\t\t\t\t<\/div>\n\t\t\t\t\t<\/div>\n\t\t\t\t<\/div>\n\t\t\t\t<\/div>\n\t\t","protected":false},"excerpt":{"rendered":"<p>Merci de nous avoir contact\u00e9s Nous r\u00e9pondrons \u00e0 votre demande dans les plus brefs d\u00e9lais Retour \u00e0 l\u2019accueil<\/p>\n","protected":false},"author":1,"featured_media":0,"parent":0,"menu_order":0,"comment_status":"closed","ping_status":"closed","template":"","meta":{"footnotes":""},"class_list":["post-2726","page","type-page","status-publish","hentry"],"yoast_head":"<!-- This site is optimized with the Yoast SEO plugin v27.3 - https:\/\/yoast.com\/product\/yoast-seo-wordpress\/ -->\n<title>Merci - Proquinat<\/title>\n<meta name=\"robots\" content=\"index, follow, max-snippet:-1, max-image-preview:large, max-video-preview:-1\" \/>\n<link rel=\"canonical\" href=\"https:\/\/proquinat.com\/fr\/merci\/\" \/>\n<meta property=\"og:locale\" content=\"fr_FR\" \/>\n<meta property=\"og:type\" content=\"article\" \/>\n<meta property=\"og:title\" content=\"Merci - Proquinat\" \/>\n<meta property=\"og:description\" content=\"Merci de nous avoir contact\u00e9s Nous r\u00e9pondrons \u00e0 votre demande dans les plus brefs d\u00e9lais Retour \u00e0 l\u2019accueil\" \/>\n<meta property=\"og:url\" content=\"https:\/\/proquinat.com\/fr\/merci\/\" \/>\n<meta property=\"og:site_name\" content=\"Proquinat\" \/>\n<meta property=\"article:modified_time\" content=\"2025-11-18T00:49:57+00:00\" \/>\n<meta name=\"twitter:card\" content=\"summary_large_image\" \/>\n<script type=\"application\/ld+json\" class=\"yoast-schema-graph\">{\"@context\":\"https:\\\/\\\/schema.org\",\"@graph\":[{\"@type\":\"WebPage\",\"@id\":\"https:\\\/\\\/proquinat.com\\\/fr\\\/merci\\\/\",\"url\":\"https:\\\/\\\/proquinat.com\\\/fr\\\/merci\\\/\",\"name\":\"Merci - Proquinat\",\"isPartOf\":{\"@id\":\"https:\\\/\\\/proquinat.com\\\/fr\\\/#website\"},\"datePublished\":\"2025-08-26T15:09:16+00:00\",\"dateModified\":\"2025-11-18T00:49:57+00:00\",\"breadcrumb\":{\"@id\":\"https:\\\/\\\/proquinat.com\\\/fr\\\/merci\\\/#breadcrumb\"},\"inLanguage\":\"fr-FR\",\"potentialAction\":[{\"@type\":\"ReadAction\",\"target\":[\"https:\\\/\\\/proquinat.com\\\/fr\\\/merci\\\/\"]}]},{\"@type\":\"BreadcrumbList\",\"@id\":\"https:\\\/\\\/proquinat.com\\\/fr\\\/merci\\\/#breadcrumb\",\"itemListElement\":[{\"@type\":\"ListItem\",\"position\":1,\"name\":\"Portada\",\"item\":\"https:\\\/\\\/proquinat.com\\\/fr\\\/\"},{\"@type\":\"ListItem\",\"position\":2,\"name\":\"Merci\"}]},{\"@type\":\"WebSite\",\"@id\":\"https:\\\/\\\/proquinat.com\\\/fr\\\/#website\",\"url\":\"https:\\\/\\\/proquinat.com\\\/fr\\\/\",\"name\":\"Proquinat\",\"description\":\"\",\"publisher\":{\"@id\":\"https:\\\/\\\/proquinat.com\\\/fr\\\/#organization\"},\"potentialAction\":[{\"@type\":\"SearchAction\",\"target\":{\"@type\":\"EntryPoint\",\"urlTemplate\":\"https:\\\/\\\/proquinat.com\\\/fr\\\/?s={search_term_string}\"},\"query-input\":{\"@type\":\"PropertyValueSpecification\",\"valueRequired\":true,\"valueName\":\"search_term_string\"}}],\"inLanguage\":\"fr-FR\"},{\"@type\":\"Organization\",\"@id\":\"https:\\\/\\\/proquinat.com\\\/fr\\\/#organization\",\"name\":\"Proquinat\",\"url\":\"https:\\\/\\\/proquinat.com\\\/fr\\\/\",\"logo\":{\"@type\":\"ImageObject\",\"inLanguage\":\"fr-FR\",\"@id\":\"https:\\\/\\\/proquinat.com\\\/fr\\\/#\\\/schema\\\/logo\\\/image\\\/\",\"url\":\"https:\\\/\\\/proquinat.com\\\/wp-content\\\/uploads\\\/2025\\\/08\\\/PQN-Logo.svg\",\"contentUrl\":\"https:\\\/\\\/proquinat.com\\\/wp-content\\\/uploads\\\/2025\\\/08\\\/PQN-Logo.svg\",\"width\":177,\"height\":45,\"caption\":\"Proquinat\"},\"image\":{\"@id\":\"https:\\\/\\\/proquinat.com\\\/fr\\\/#\\\/schema\\\/logo\\\/image\\\/\"}}]}<\/script>\n<!-- \/ Yoast SEO plugin. -->","yoast_head_json":{"title":"Merci - Proquinat","robots":{"index":"index","follow":"follow","max-snippet":"max-snippet:-1","max-image-preview":"max-image-preview:large","max-video-preview":"max-video-preview:-1"},"canonical":"https:\/\/proquinat.com\/fr\/merci\/","og_locale":"fr_FR","og_type":"article","og_title":"Merci - Proquinat","og_description":"Merci de nous avoir contact\u00e9s Nous r\u00e9pondrons \u00e0 votre demande dans les plus brefs d\u00e9lais Retour \u00e0 l\u2019accueil","og_url":"https:\/\/proquinat.com\/fr\/merci\/","og_site_name":"Proquinat","article_modified_time":"2025-11-18T00:49:57+00:00","twitter_card":"summary_large_image","schema":{"@context":"https:\/\/schema.org","@graph":[{"@type":"WebPage","@id":"https:\/\/proquinat.com\/fr\/merci\/","url":"https:\/\/proquinat.com\/fr\/merci\/","name":"Merci - Proquinat","isPartOf":{"@id":"https:\/\/proquinat.com\/fr\/#website"},"datePublished":"2025-08-26T15:09:16+00:00","dateModified":"2025-11-18T00:49:57+00:00","breadcrumb":{"@id":"https:\/\/proquinat.com\/fr\/merci\/#breadcrumb"},"inLanguage":"fr-FR","potentialAction":[{"@type":"ReadAction","target":["https:\/\/proquinat.com\/fr\/merci\/"]}]},{"@type":"BreadcrumbList","@id":"https:\/\/proquinat.com\/fr\/merci\/#breadcrumb","itemListElement":[{"@type":"ListItem","position":1,"name":"Portada","item":"https:\/\/proquinat.com\/fr\/"},{"@type":"ListItem","position":2,"name":"Merci"}]},{"@type":"WebSite","@id":"https:\/\/proquinat.com\/fr\/#website","url":"https:\/\/proquinat.com\/fr\/","name":"Proquinat","description":"","publisher":{"@id":"https:\/\/proquinat.com\/fr\/#organization"},"potentialAction":[{"@type":"SearchAction","target":{"@type":"EntryPoint","urlTemplate":"https:\/\/proquinat.com\/fr\/?s={search_term_string}"},"query-input":{"@type":"PropertyValueSpecification","valueRequired":true,"valueName":"search_term_string"}}],"inLanguage":"fr-FR"},{"@type":"Organization","@id":"https:\/\/proquinat.com\/fr\/#organization","name":"Proquinat","url":"https:\/\/proquinat.com\/fr\/","logo":{"@type":"ImageObject","inLanguage":"fr-FR","@id":"https:\/\/proquinat.com\/fr\/#\/schema\/logo\/image\/","url":"https:\/\/proquinat.com\/wp-content\/uploads\/2025\/08\/PQN-Logo.svg","contentUrl":"https:\/\/proquinat.com\/wp-content\/uploads\/2025\/08\/PQN-Logo.svg","width":177,"height":45,"caption":"Proquinat"},"image":{"@id":"https:\/\/proquinat.com\/fr\/#\/schema\/logo\/image\/"}}]}},"_links":{"self":[{"href":"https:\/\/proquinat.com\/fr\/wp-json\/wp\/v2\/pages\/2726","targetHints":{"allow":["GET"]}}],"collection":[{"href":"https:\/\/proquinat.com\/fr\/wp-json\/wp\/v2\/pages"}],"about":[{"href":"https:\/\/proquinat.com\/fr\/wp-json\/wp\/v2\/types\/page"}],"author":[{"embeddable":true,"href":"https:\/\/proquinat.com\/fr\/wp-json\/wp\/v2\/users\/1"}],"replies":[{"embeddable":true,"href":"https:\/\/proquinat.com\/fr\/wp-json\/wp\/v2\/comments?post=2726"}],"version-history":[{"count":4,"href":"https:\/\/proquinat.com\/fr\/wp-json\/wp\/v2\/pages\/2726\/revisions"}],"predecessor-version":[{"id":3522,"href":"https:\/\/proquinat.com\/fr\/wp-json\/wp\/v2\/pages\/2726\/revisions\/3522"}],"wp:attachment":[{"href":"https:\/\/proquinat.com\/fr\/wp-json\/wp\/v2\/media?parent=2726"}],"curies":[{"name":"wp","href":"https:\/\/api.w.org\/{rel}","templated":true}]}}