{"id":2769,"date":"2025-08-26T15:15:20","date_gmt":"2025-08-26T13:15:20","guid":{"rendered":"https:\/\/proquinat.com\/cookies\/"},"modified":"2026-01-21T12:35:55","modified_gmt":"2026-01-21T11:35:55","slug":"cookies","status":"publish","type":"page","link":"https:\/\/proquinat.com\/fr\/cookies\/","title":{"rendered":"Cookies"},"content":{"rendered":"\t\t<div data-elementor-type=\"wp-page\" data-elementor-id=\"2769\" class=\"elementor elementor-2769 elementor-1099\" data-elementor-post-type=\"page\">\n\t\t\t\t<div class=\"elementor-element elementor-element-202f304 e-flex e-con-boxed e-con e-parent\" data-id=\"202f304\" data-element_type=\"container\" data-e-type=\"container\" data-settings=\"{&quot;jet_parallax_layout_list&quot;:[]}\">\n\t\t\t\t\t<div class=\"e-con-inner\">\n\t\t\t\t<div class=\"elementor-element elementor-element-1f32f01 elementor-view-default elementor-widget elementor-widget-icon\" data-id=\"1f32f01\" data-element_type=\"widget\" data-e-type=\"widget\" data-widget_type=\"icon.default\">\n\t\t\t\t\t\t\t<div class=\"elementor-icon-wrapper\">\n\t\t\t<div class=\"elementor-icon\">\n\t\t\t<svg xmlns=\"http:\/\/www.w3.org\/2000\/svg\" width=\"21\" height=\"22\" viewBox=\"0 0 21 22\" fill=\"none\"><path d=\"M17.7319 21H14.2268V17.3918C14.2268 15.2851 12.519 13.5773 10.4124 13.5773C8.30571 13.5773 6.59793 15.2851 6.59793 17.3918V21H3.09277V9.04126H17.7319V21Z\" stroke=\"black\" stroke-width=\"0.6\"><\/path><path d=\"M10.3093 1L19.2374 9.04124H1.38118L10.3093 1Z\" stroke=\"black\" stroke-width=\"0.6\"><\/path><\/svg>\t\t\t<\/div>\n\t\t<\/div>\n\t\t\t\t\t\t<\/div>\n\t\t\t\t<div class=\"elementor-element elementor-element-adc09b2 elementor-widget elementor-widget-heading\" data-id=\"adc09b2\" data-element_type=\"widget\" data-e-type=\"widget\" data-widget_type=\"heading.default\">\n\t\t\t\t\t<p class=\"elementor-heading-title elementor-size-default\">Domicile<\/p>\t\t\t\t<\/div>\n\t\t\t\t<div class=\"elementor-element elementor-element-11370f4 elementor-view-default elementor-widget elementor-widget-icon\" data-id=\"11370f4\" data-element_type=\"widget\" data-e-type=\"widget\" data-widget_type=\"icon.default\">\n\t\t\t\t\t\t\t<div class=\"elementor-icon-wrapper\">\n\t\t\t<div class=\"elementor-icon\">\n\t\t\t<svg xmlns=\"http:\/\/www.w3.org\/2000\/svg\" width=\"7\" height=\"13\" viewBox=\"0 0 7 13\" fill=\"none\"><path d=\"M1.10762 12.2889L6.19141 6.64447L1.10763 1\" stroke=\"black\" stroke-width=\"0.6\"><\/path><\/svg>\t\t\t<\/div>\n\t\t<\/div>\n\t\t\t\t\t\t<\/div>\n\t\t\t\t<div class=\"elementor-element elementor-element-1dc2954 elementor-widget elementor-widget-heading\" data-id=\"1dc2954\" data-element_type=\"widget\" data-e-type=\"widget\" data-widget_type=\"heading.default\">\n\t\t\t\t\t<p class=\"elementor-heading-title elementor-size-default\">Cookies<\/p>\t\t\t\t<\/div>\n\t\t\t\t\t<\/div>\n\t\t\t\t<\/div>\n\t\t<div class=\"elementor-element elementor-element-c3ad5d1 e-flex e-con-boxed e-con e-parent\" data-id=\"c3ad5d1\" data-element_type=\"container\" data-e-type=\"container\" data-settings=\"{&quot;jet_parallax_layout_list&quot;:[]}\">\n\t\t\t\t\t<div class=\"e-con-inner\">\n\t\t\t\t<div class=\"elementor-element elementor-element-2e754f6 elementor-widget__width-initial elementor-widget elementor-widget-heading\" data-id=\"2e754f6\" data-element_type=\"widget\" data-e-type=\"widget\" data-widget_type=\"heading.default\">\n\t\t\t\t\t<h1 class=\"elementor-heading-title elementor-size-default\">Politique en mati\u00e8re de cookies<\/h1>\t\t\t\t<\/div>\n\t\t\t\t<div class=\"elementor-element elementor-element-f6f48e3 elementor-widget elementor-widget-text-editor\" data-id=\"f6f48e3\" data-element_type=\"widget\" data-e-type=\"widget\" data-widget_type=\"text-editor.default\">\n\t\t\t\t\t\t\t\t\t<p>Chez PRODUCTES QUIMICS NATURALS SL (ci-apr\u00e8s, PROQUINAT), nous utilisons des cookies afin de fournir un meilleur service et de vous offrir une meilleure exp\u00e9rience de navigation. Nous souhaitons vous informer de mani\u00e8re claire, transparente et concise sur les cookies que nous utilisons, en d\u00e9taillant ci-dessous ce que sont les cookies, \u00e0 quoi ils servent, quels types de cookies nous utilisons, quels sont leurs objectifs et comment vous pouvez les configurer ou les d\u00e9sactiver si vous le souhaitez. <\/p><p><span style=\"font-weight: 500;\">QU\u2019EST-CE QU\u2019UN COOKIE ?<br><\/span>Un cookie est un petit fichier ou un fichier qui est t\u00e9l\u00e9charg\u00e9 sur votre ordinateur, votre appareil mobile (smartphones, tablettes, etc.) ou tout autre appareil contenant des informations sur la navigation, lorsque vous acc\u00e9dez \u00e0 certains sites Web ou applications mobiles. Les cookies permettent \u00e0 un site web, entre autres, de stocker et de r\u00e9cup\u00e9rer des informations sur les habitudes de navigation d\u2019un utilisateur ou de son ordinateur et, en fonction des informations qu\u2019ils contiennent et de la mani\u00e8re dont ils utilisent leur \u00e9quipement, ils peuvent \u00eatre utilis\u00e9s pour reconna\u00eetre l\u2019utilisateur.<br>L\u2019ensemble des cookies de tous nos utilisateurs nous aide \u00e0 am\u00e9liorer la qualit\u00e9 de notre site web, ce qui nous permet de contr\u00f4ler quelles pages sont utiles, lesquelles ne le sont pas et lesquelles sont susceptibles d\u2019\u00eatre am\u00e9lior\u00e9es. Les cookies sont essentiels au fonctionnement d\u2019Internet, offrant d\u2019innombrables avantages dans la fourniture de services interactifs, facilitant la navigation et la convivialit\u00e9 de notre site Web. En aucun cas, les cookies ne pourront endommager votre ordinateur ou votre appareil mobile.     <br>Les cookies ne vous identifient pas personnellement et ne pr\u00e9sentent aucun risque pour votre ordinateur ou votre appareil mobile. Il ne s\u2019agit pas de virus ou de logiciels espions. Il s\u2019agit simplement d\u2019outils utilis\u00e9s par les sites Web que vous visitez pour am\u00e9liorer votre navigation, pour assurer la s\u00e9curit\u00e9 de vos donn\u00e9es, pour nous aider \u00e0 comprendre quelles informations sur notre site Web sont les plus utiles \u00e0 nos utilisateurs ou pour savoir quelles offres peuvent int\u00e9resser chaque utilisateur. Et tout cela de mani\u00e8re totalement anonyme : nous ne conna\u00eetrons jamais votre nom, votre adresse ou votre num\u00e9ro de t\u00e9l\u00e9phone, \u00e0 moins que vous ne nous les fournissez. Vous d\u00e9cidez d\u2019autoriser ou non l\u2019installation de nos cookies.<br>De plus, vous devez savoir que si vous choisissez de ne pas autoriser l\u2019utilisation de cookies, certaines fonctionnalit\u00e9s du site Web peuvent ne pas fonctionner correctement et nous ne serons pas en mesure d\u2019adapter les informations que nous fournissons \u00e0 vos int\u00e9r\u00eats. En aucun cas, la non-acceptation des cookies ne peut signifier que vous ne pourrez pas acc\u00e9der et utiliser les fonctions de base de notre site web.       <br>Nous vous informons \u00e9galement que, en application des r\u00e9glementations europ\u00e9ennes et espagnoles en mati\u00e8re de confidentialit\u00e9 et de cookies, il existe des cookies qui n\u00e9cessitent le consentement de l\u2019utilisateur (par exemple, les cookies d\u2019analyse ou de mesure et les cookies de publicit\u00e9 comportementale), et d\u2019autres qui sont exempt\u00e9s de consentement (par exemple, les cookies techniques ou ceux n\u00e9cessaires \u00e0 la fourniture des services express\u00e9ment demand\u00e9s par l\u2019utilisateur).<\/p><p><span style=\"font-weight: 500;\">QUI EST RESPONSABLE ?<br><\/span>Les cookies utilis\u00e9s dans HTTPS:\/\/PROQUINAT.COM\/ sont trait\u00e9s par PROQUINAT aux fins et pour les dur\u00e9es de conservation indiqu\u00e9es dans la section \u00ab Liste des cookies utilis\u00e9s \u00bb.  <\/p><p><span style=\"font-weight: 500;\">QUELS TYPES DE COOKIES UTILISONS-NOUS ?<br><\/span>Selon l\u2019entit\u00e9 qui les g\u00e8re, les cookies peuvent \u00eatre :<br><span style=\"font-weight: 500;\">Cookies internes :<\/span> Ce sont ceux qui sont envoy\u00e9s \u00e0 votre \u00e9quipe \u00e0 partir de nos propres ordinateurs ou domaines et \u00e0 partir desquels nous fournissons le service que vous demandez.<br><span style=\"font-weight: 500;\">Cookies tiers :<\/span> Ce sont ceux qui sont envoy\u00e9s \u00e0 votre \u00e9quipe \u00e0 partir d\u2019un ordinateur ou d\u2019un domaine qui n\u2019est pas g\u00e9r\u00e9 par nous, mais par une autre entit\u00e9 collaboratrice (tierce partie).<\/p><p>En fonction de la dur\u00e9e pendant laquelle ils restent actifs :<br><span style=\"font-weight: 500;\">Cookies de session : <\/span>Il s\u2019agit de cookies temporaires qui restent dans le fichier de cookies de votre navigateur jusqu\u2019\u00e0 ce que vous quittiez le site Web, de sorte qu\u2019aucun d\u2019entre eux n\u2019est enregistr\u00e9 sur le disque dur de votre ordinateur ou dans la m\u00e9moire de votre appareil mobile. Les informations obtenues par le biais de ces cookies sont utilis\u00e9es pour analyser les mod\u00e8les de trafic sur le site web. \u00c0 long terme, cela nous permet d\u2019offrir une meilleure exp\u00e9rience pour am\u00e9liorer le contenu et le rendre plus facile \u00e0 utiliser.  <br><span style=\"font-weight: 500;\">Cookies persistants : <\/span>Il s\u2019agit de cookies stock\u00e9s sur le disque dur de votre ordinateur ou dans la m\u00e9moire de votre appareil mobile, et dont nous pouvons acc\u00e9der aux informations pendant une p\u00e9riode d\u00e9finie en fonction du type de cookie. Les cookies persistants cesseront de fonctionner une fois leur date d\u2019expiration arriv\u00e9e, ou si vous retirez votre consentement avant la date d\u2019expiration.   <\/p><p>Selon leur objectif :  <br><span style=\"font-weight: 500;\">Cookies techniques : <\/span>Il s\u2019agit de ceux n\u00e9cessaires \u00e0 la navigation et au bon fonctionnement de notre site internet. Ils permettent, par exemple, de contr\u00f4ler le trafic et la communication de donn\u00e9es, d\u2019acc\u00e9der \u00e0 des parties d\u2019acc\u00e8s restreint, d\u2019utiliser des \u00e9l\u00e9ments de s\u00e9curit\u00e9, de stocker des contenus pour pouvoir diffuser des vid\u00e9os ou de partager des contenus via les r\u00e9seaux sociaux. <br><span style=\"font-weight: 500;\">Cookies de pr\u00e9f\u00e9rence ou de personnalisation : <\/span>Ce sont ceux qui vous permettent d\u2019acc\u00e9der au service avec des caract\u00e9ristiques pr\u00e9d\u00e9finies sur la base d\u2019une s\u00e9rie de crit\u00e8res, tels que, par exemple, la langue, le type de navigateur par lequel le service est accessible, la configuration r\u00e9gionale \u00e0 partir de laquelle le service est accessible, etc.<br><span style=\"font-weight: 500;\">Cookies d\u2019analyse ou de mesure :<\/span> Ce sont ceux qui, trait\u00e9s par nous ou par des tiers, nous permettent de quantifier le nombre d\u2019utilisateurs qui visitent notre site web et ainsi d\u2019effectuer la mesure et l\u2019analyse statistique de l\u2019utilisation faite par les utilisateurs du service offert. Ils peuvent \u00e9galement \u00eatre utilis\u00e9s pour quantifier les impacts des publicit\u00e9s diffus\u00e9es.   <br><span style=\"font-weight: 500;\">Cookies de publicit\u00e9 comportementale : <\/span>Il s\u2019agit de tous des cookies qui stockent des informations sur le comportement de l\u2019utilisateur obtenues gr\u00e2ce \u00e0 l\u2019observation continue de ses habitudes de navigation, ce qui permet de d\u00e9velopper un profil sp\u00e9cifique pour afficher de la publicit\u00e9 sur cette base. Ces types de cookies nous permettent de vous montrer des publicit\u00e9s li\u00e9es \u00e0 votre profil de navigation.   <\/p><p><span style=\"font-weight: 500;\">LISTE DES COOKIES UTILIS\u00c9S<br><\/span>Ci-dessous, nous d\u00e9taillons les cookies utilis\u00e9s sur notre site web (HTTPS:\/\/PROQUINAT.COM\/) et leur finalit\u00e9 :<\/p>\t\t\t\t\t\t\t\t<\/div>\n\t\t\t\t\t<\/div>\n\t\t\t\t<\/div>\n\t\t\t\t<\/div>\n\t\t","protected":false},"excerpt":{"rendered":"<p>Domicile Politique en mati\u00e8re de cookies Chez PRODUCTES QUIMICS NATURALS SL (ci-apr\u00e8s, PROQUINAT), nous utilisons des cookies afin de fournir un meilleur service et de vous offrir une meilleure exp\u00e9rience de navigation. Nous souhaitons vous informer de mani\u00e8re claire, transparente et concise sur les cookies que nous utilisons, en d\u00e9taillant ci-dessous ce que sont les [&hellip;]<\/p>\n","protected":false},"author":1,"featured_media":0,"parent":0,"menu_order":0,"comment_status":"closed","ping_status":"closed","template":"","meta":{"footnotes":""},"class_list":["post-2769","page","type-page","status-publish","hentry"],"yoast_head":"<!-- This site is optimized with the Yoast SEO plugin v27.3 - https:\/\/yoast.com\/product\/yoast-seo-wordpress\/ -->\n<title>Cookies - Proquinat<\/title>\n<meta name=\"robots\" content=\"noindex, follow\" \/>\n<meta property=\"og:locale\" content=\"fr_FR\" \/>\n<meta property=\"og:type\" content=\"article\" \/>\n<meta property=\"og:title\" content=\"Cookies - Proquinat\" \/>\n<meta property=\"og:description\" content=\"Domicile Politique en mati\u00e8re de cookies Chez PRODUCTES QUIMICS NATURALS SL (ci-apr\u00e8s, PROQUINAT), nous utilisons des cookies afin de fournir un meilleur service et de vous offrir une meilleure exp\u00e9rience de navigation. Nous souhaitons vous informer de mani\u00e8re claire, transparente et concise sur les cookies que nous utilisons, en d\u00e9taillant ci-dessous ce que sont les [&hellip;]\" \/>\n<meta property=\"og:url\" content=\"https:\/\/proquinat.com\/fr\/cookies\/\" \/>\n<meta property=\"og:site_name\" content=\"Proquinat\" \/>\n<meta property=\"article:modified_time\" content=\"2026-01-21T11:35:55+00:00\" \/>\n<meta name=\"twitter:card\" content=\"summary_large_image\" \/>\n<meta name=\"twitter:label1\" content=\"Dur\u00e9e de lecture estim\u00e9e\" \/>\n\t<meta name=\"twitter:data1\" content=\"5 minutes\" \/>\n<script type=\"application\/ld+json\" class=\"yoast-schema-graph\">{\"@context\":\"https:\\\/\\\/schema.org\",\"@graph\":[{\"@type\":\"WebPage\",\"@id\":\"https:\\\/\\\/proquinat.com\\\/fr\\\/cookies\\\/\",\"url\":\"https:\\\/\\\/proquinat.com\\\/fr\\\/cookies\\\/\",\"name\":\"Cookies - Proquinat\",\"isPartOf\":{\"@id\":\"https:\\\/\\\/proquinat.com\\\/fr\\\/#website\"},\"datePublished\":\"2025-08-26T13:15:20+00:00\",\"dateModified\":\"2026-01-21T11:35:55+00:00\",\"breadcrumb\":{\"@id\":\"https:\\\/\\\/proquinat.com\\\/fr\\\/cookies\\\/#breadcrumb\"},\"inLanguage\":\"fr-FR\",\"potentialAction\":[{\"@type\":\"ReadAction\",\"target\":[\"https:\\\/\\\/proquinat.com\\\/fr\\\/cookies\\\/\"]}]},{\"@type\":\"BreadcrumbList\",\"@id\":\"https:\\\/\\\/proquinat.com\\\/fr\\\/cookies\\\/#breadcrumb\",\"itemListElement\":[{\"@type\":\"ListItem\",\"position\":1,\"name\":\"Portada\",\"item\":\"https:\\\/\\\/proquinat.com\\\/fr\\\/\"},{\"@type\":\"ListItem\",\"position\":2,\"name\":\"Cookies\"}]},{\"@type\":\"WebSite\",\"@id\":\"https:\\\/\\\/proquinat.com\\\/fr\\\/#website\",\"url\":\"https:\\\/\\\/proquinat.com\\\/fr\\\/\",\"name\":\"Proquinat\",\"description\":\"\",\"publisher\":{\"@id\":\"https:\\\/\\\/proquinat.com\\\/fr\\\/#organization\"},\"potentialAction\":[{\"@type\":\"SearchAction\",\"target\":{\"@type\":\"EntryPoint\",\"urlTemplate\":\"https:\\\/\\\/proquinat.com\\\/fr\\\/?s={search_term_string}\"},\"query-input\":{\"@type\":\"PropertyValueSpecification\",\"valueRequired\":true,\"valueName\":\"search_term_string\"}}],\"inLanguage\":\"fr-FR\"},{\"@type\":\"Organization\",\"@id\":\"https:\\\/\\\/proquinat.com\\\/fr\\\/#organization\",\"name\":\"Proquinat\",\"url\":\"https:\\\/\\\/proquinat.com\\\/fr\\\/\",\"logo\":{\"@type\":\"ImageObject\",\"inLanguage\":\"fr-FR\",\"@id\":\"https:\\\/\\\/proquinat.com\\\/fr\\\/#\\\/schema\\\/logo\\\/image\\\/\",\"url\":\"https:\\\/\\\/proquinat.com\\\/wp-content\\\/uploads\\\/2025\\\/08\\\/PQN-Logo.svg\",\"contentUrl\":\"https:\\\/\\\/proquinat.com\\\/wp-content\\\/uploads\\\/2025\\\/08\\\/PQN-Logo.svg\",\"width\":177,\"height\":45,\"caption\":\"Proquinat\"},\"image\":{\"@id\":\"https:\\\/\\\/proquinat.com\\\/fr\\\/#\\\/schema\\\/logo\\\/image\\\/\"}}]}<\/script>\n<!-- \/ Yoast SEO plugin. -->","yoast_head_json":{"title":"Cookies - Proquinat","robots":{"index":"noindex","follow":"follow"},"og_locale":"fr_FR","og_type":"article","og_title":"Cookies - Proquinat","og_description":"Domicile Politique en mati\u00e8re de cookies Chez PRODUCTES QUIMICS NATURALS SL (ci-apr\u00e8s, PROQUINAT), nous utilisons des cookies afin de fournir un meilleur service et de vous offrir une meilleure exp\u00e9rience de navigation. Nous souhaitons vous informer de mani\u00e8re claire, transparente et concise sur les cookies que nous utilisons, en d\u00e9taillant ci-dessous ce que sont les [&hellip;]","og_url":"https:\/\/proquinat.com\/fr\/cookies\/","og_site_name":"Proquinat","article_modified_time":"2026-01-21T11:35:55+00:00","twitter_card":"summary_large_image","twitter_misc":{"Dur\u00e9e de lecture estim\u00e9e":"5 minutes"},"schema":{"@context":"https:\/\/schema.org","@graph":[{"@type":"WebPage","@id":"https:\/\/proquinat.com\/fr\/cookies\/","url":"https:\/\/proquinat.com\/fr\/cookies\/","name":"Cookies - Proquinat","isPartOf":{"@id":"https:\/\/proquinat.com\/fr\/#website"},"datePublished":"2025-08-26T13:15:20+00:00","dateModified":"2026-01-21T11:35:55+00:00","breadcrumb":{"@id":"https:\/\/proquinat.com\/fr\/cookies\/#breadcrumb"},"inLanguage":"fr-FR","potentialAction":[{"@type":"ReadAction","target":["https:\/\/proquinat.com\/fr\/cookies\/"]}]},{"@type":"BreadcrumbList","@id":"https:\/\/proquinat.com\/fr\/cookies\/#breadcrumb","itemListElement":[{"@type":"ListItem","position":1,"name":"Portada","item":"https:\/\/proquinat.com\/fr\/"},{"@type":"ListItem","position":2,"name":"Cookies"}]},{"@type":"WebSite","@id":"https:\/\/proquinat.com\/fr\/#website","url":"https:\/\/proquinat.com\/fr\/","name":"Proquinat","description":"","publisher":{"@id":"https:\/\/proquinat.com\/fr\/#organization"},"potentialAction":[{"@type":"SearchAction","target":{"@type":"EntryPoint","urlTemplate":"https:\/\/proquinat.com\/fr\/?s={search_term_string}"},"query-input":{"@type":"PropertyValueSpecification","valueRequired":true,"valueName":"search_term_string"}}],"inLanguage":"fr-FR"},{"@type":"Organization","@id":"https:\/\/proquinat.com\/fr\/#organization","name":"Proquinat","url":"https:\/\/proquinat.com\/fr\/","logo":{"@type":"ImageObject","inLanguage":"fr-FR","@id":"https:\/\/proquinat.com\/fr\/#\/schema\/logo\/image\/","url":"https:\/\/proquinat.com\/wp-content\/uploads\/2025\/08\/PQN-Logo.svg","contentUrl":"https:\/\/proquinat.com\/wp-content\/uploads\/2025\/08\/PQN-Logo.svg","width":177,"height":45,"caption":"Proquinat"},"image":{"@id":"https:\/\/proquinat.com\/fr\/#\/schema\/logo\/image\/"}}]}},"_links":{"self":[{"href":"https:\/\/proquinat.com\/fr\/wp-json\/wp\/v2\/pages\/2769","targetHints":{"allow":["GET"]}}],"collection":[{"href":"https:\/\/proquinat.com\/fr\/wp-json\/wp\/v2\/pages"}],"about":[{"href":"https:\/\/proquinat.com\/fr\/wp-json\/wp\/v2\/types\/page"}],"author":[{"embeddable":true,"href":"https:\/\/proquinat.com\/fr\/wp-json\/wp\/v2\/users\/1"}],"replies":[{"embeddable":true,"href":"https:\/\/proquinat.com\/fr\/wp-json\/wp\/v2\/comments?post=2769"}],"version-history":[{"count":1,"href":"https:\/\/proquinat.com\/fr\/wp-json\/wp\/v2\/pages\/2769\/revisions"}],"predecessor-version":[{"id":2772,"href":"https:\/\/proquinat.com\/fr\/wp-json\/wp\/v2\/pages\/2769\/revisions\/2772"}],"wp:attachment":[{"href":"https:\/\/proquinat.com\/fr\/wp-json\/wp\/v2\/media?parent=2769"}],"curies":[{"name":"wp","href":"https:\/\/api.w.org\/{rel}","templated":true}]}}